{"id":457,"date":"2023-06-23T08:32:32","date_gmt":"2023-06-23T08:32:32","guid":{"rendered":"https:\/\/www.hdmotorsport.ro\/?page_id=457"},"modified":"2025-04-25T05:44:55","modified_gmt":"2025-04-25T05:44:55","slug":"spectatori","status":"publish","type":"page","link":"https:\/\/www.hdmotorsport.ro\/?page_id=457","title":{"rendered":"Spectatori"},"content":{"rendered":"\t\t<div data-elementor-type=\"wp-page\" data-elementor-id=\"457\" class=\"elementor elementor-457\">\n\t\t\t\t\t\t\t\t\t<section class=\"elementor-section elementor-top-section elementor-element elementor-element-296f4ebb elementor-section-content-middle elementor-section-boxed elementor-section-height-default elementor-section-height-default\" data-id=\"296f4ebb\" data-element_type=\"section\" data-settings=\"{&quot;background_background&quot;:&quot;classic&quot;}\">\n\t\t\t\t\t\t<div class=\"elementor-container elementor-column-gap-default\">\n\t\t\t\t\t<div class=\"elementor-column elementor-col-100 elementor-top-column elementor-element elementor-element-1870fc0c\" data-id=\"1870fc0c\" data-element_type=\"column\">\n\t\t\t<div class=\"elementor-widget-wrap elementor-element-populated\">\n\t\t\t\t\t\t\t\t<div class=\"elementor-element elementor-element-b7b6112 elementor-widget elementor-widget-heading\" data-id=\"b7b6112\" data-element_type=\"widget\" data-widget_type=\"heading.default\">\n\t\t\t\t<div class=\"elementor-widget-container\">\n\t\t\t<style>\/*! elementor - v3.16.0 - 09-10-2023 *\/\n.elementor-heading-title{padding:0;margin:0;line-height:1}.elementor-widget-heading .elementor-heading-title[class*=elementor-size-]>a{color:inherit;font-size:inherit;line-height:inherit}.elementor-widget-heading .elementor-heading-title.elementor-size-small{font-size:15px}.elementor-widget-heading .elementor-heading-title.elementor-size-medium{font-size:19px}.elementor-widget-heading .elementor-heading-title.elementor-size-large{font-size:29px}.elementor-widget-heading .elementor-heading-title.elementor-size-xl{font-size:39px}.elementor-widget-heading .elementor-heading-title.elementor-size-xxl{font-size:59px}<\/style><h4 class=\"elementor-heading-title elementor-size-default\">Reguli de siguran\u0163\u0103<\/h4>\t\t<\/div>\n\t\t\t\t<\/div>\n\t\t\t\t<section class=\"elementor-section elementor-inner-section elementor-element elementor-element-77f61854 elementor-section-boxed elementor-section-height-default elementor-section-height-default\" data-id=\"77f61854\" data-element_type=\"section\">\n\t\t\t\t\t\t<div class=\"elementor-container elementor-column-gap-default\">\n\t\t\t\t\t<div class=\"elementor-column elementor-col-100 elementor-inner-column elementor-element elementor-element-7b49f553\" data-id=\"7b49f553\" data-element_type=\"column\">\n\t\t\t<div class=\"elementor-widget-wrap elementor-element-populated\">\n\t\t\t\t\t\t\t\t<div class=\"elementor-element elementor-element-263a201 elementor-widget elementor-widget-heading\" data-id=\"263a201\" data-element_type=\"widget\" data-widget_type=\"heading.default\">\n\t\t\t\t<div class=\"elementor-widget-container\">\n\t\t\t<h4 class=\"elementor-heading-title elementor-size-default\"> Motorsportul poate deveni deosebit de periculos dac\u0103 nu se respect\u0103 indica\u0163iile \u015fi regulile ce se impun!!!<\/h4>\t\t<\/div>\n\t\t\t\t<\/div>\n\t\t\t\t\t<\/div>\n\t\t<\/div>\n\t\t\t\t\t\t\t<\/div>\n\t\t<\/section>\n\t\t\t\t<section class=\"elementor-section elementor-inner-section elementor-element elementor-element-454ed2be elementor-section-boxed elementor-section-height-default elementor-section-height-default\" data-id=\"454ed2be\" data-element_type=\"section\">\n\t\t\t\t\t\t<div class=\"elementor-container elementor-column-gap-default\">\n\t\t\t\t\t<div class=\"elementor-column elementor-col-100 elementor-inner-column elementor-element elementor-element-71f67df5\" data-id=\"71f67df5\" data-element_type=\"column\">\n\t\t\t<div class=\"elementor-widget-wrap elementor-element-populated\">\n\t\t\t\t\t\t\t\t<div class=\"elementor-element elementor-element-82528c8 elementor-widget elementor-widget-image-box\" data-id=\"82528c8\" data-element_type=\"widget\" data-widget_type=\"image-box.default\">\n\t\t\t\t<div class=\"elementor-widget-container\">\n\t\t\t<style>\/*! elementor - v3.16.0 - 09-10-2023 *\/\n.elementor-widget-image-box .elementor-image-box-content{width:100%}@media (min-width:768px){.elementor-widget-image-box.elementor-position-left .elementor-image-box-wrapper,.elementor-widget-image-box.elementor-position-right .elementor-image-box-wrapper{display:flex}.elementor-widget-image-box.elementor-position-right .elementor-image-box-wrapper{text-align:right;flex-direction:row-reverse}.elementor-widget-image-box.elementor-position-left .elementor-image-box-wrapper{text-align:left;flex-direction:row}.elementor-widget-image-box.elementor-position-top .elementor-image-box-img{margin:auto}.elementor-widget-image-box.elementor-vertical-align-top .elementor-image-box-wrapper{align-items:flex-start}.elementor-widget-image-box.elementor-vertical-align-middle .elementor-image-box-wrapper{align-items:center}.elementor-widget-image-box.elementor-vertical-align-bottom .elementor-image-box-wrapper{align-items:flex-end}}@media (max-width:767px){.elementor-widget-image-box .elementor-image-box-img{margin-left:auto!important;margin-right:auto!important;margin-bottom:15px}}.elementor-widget-image-box .elementor-image-box-img{display:inline-block}.elementor-widget-image-box .elementor-image-box-title a{color:inherit}.elementor-widget-image-box .elementor-image-box-wrapper{text-align:center}.elementor-widget-image-box .elementor-image-box-description{margin:0}<\/style><div class=\"elementor-image-box-wrapper\"><div class=\"elementor-image-box-content\"><p class=\"elementor-image-box-description\">Trebuie respectate \u00eendrum\u0103rile date de c\u0103tre arbitrii \u015fi oamenii de ordine ai organizatorului, ace\u015ftia fiind mai exact persoanele care vor purta veste inscrip\u0163ionate.<\/p><\/div><\/div>\t\t<\/div>\n\t\t\t\t<\/div>\n\t\t\t\t\t<\/div>\n\t\t<\/div>\n\t\t\t\t\t\t\t<\/div>\n\t\t<\/section>\n\t\t\t\t<section class=\"elementor-section elementor-inner-section elementor-element elementor-element-fe5848f elementor-section-boxed elementor-section-height-default elementor-section-height-default\" data-id=\"fe5848f\" data-element_type=\"section\">\n\t\t\t\t\t\t<div class=\"elementor-container elementor-column-gap-default\">\n\t\t\t\t\t<div class=\"elementor-column elementor-col-100 elementor-inner-column elementor-element elementor-element-a2a9d1a\" data-id=\"a2a9d1a\" data-element_type=\"column\">\n\t\t\t<div class=\"elementor-widget-wrap elementor-element-populated\">\n\t\t\t\t\t\t\t\t<div class=\"elementor-element elementor-element-14983b4 elementor-position-top elementor-widget elementor-widget-image-box\" data-id=\"14983b4\" data-element_type=\"widget\" data-widget_type=\"image-box.default\">\n\t\t\t\t<div class=\"elementor-widget-container\">\n\t\t\t<div class=\"elementor-image-box-wrapper\"><figure class=\"elementor-image-box-img\"><img loading=\"lazy\" decoding=\"async\" width=\"124\" height=\"134\" src=\"https:\/\/www.hdmotorsport.ro\/wp-content\/uploads\/2023\/06\/2-1.png\" class=\"attachment-thumbnail size-thumbnail wp-image-470\" alt=\"\" \/><\/figure><div class=\"elementor-image-box-content\"><p class=\"elementor-image-box-description\">De-a lungul probei, organizatorul a creat locuri speciale pentru vizionarea cursei, acestea fiind marcate cu indicatorul \u201cACCES SPECTATORI\u201d \u015fi cu band\u0103 ALB-VERDE.<\/p><\/div><\/div>\t\t<\/div>\n\t\t\t\t<\/div>\n\t\t\t\t\t<\/div>\n\t\t<\/div>\n\t\t\t\t\t\t\t<\/div>\n\t\t<\/section>\n\t\t\t\t<section class=\"elementor-section elementor-inner-section elementor-element elementor-element-d5a8e6f elementor-section-boxed elementor-section-height-default elementor-section-height-default\" data-id=\"d5a8e6f\" data-element_type=\"section\">\n\t\t\t\t\t\t<div class=\"elementor-container elementor-column-gap-default\">\n\t\t\t\t\t<div class=\"elementor-column elementor-col-100 elementor-inner-column elementor-element elementor-element-e395007\" data-id=\"e395007\" data-element_type=\"column\">\n\t\t\t<div class=\"elementor-widget-wrap elementor-element-populated\">\n\t\t\t\t\t\t\t\t<div class=\"elementor-element elementor-element-c062a56 elementor-position-top elementor-widget elementor-widget-image-box\" data-id=\"c062a56\" data-element_type=\"widget\" data-widget_type=\"image-box.default\">\n\t\t\t\t<div class=\"elementor-widget-container\">\n\t\t\t<div class=\"elementor-image-box-wrapper\"><figure class=\"elementor-image-box-img\"><img loading=\"lazy\" decoding=\"async\" width=\"144\" height=\"134\" src=\"https:\/\/www.hdmotorsport.ro\/wp-content\/uploads\/2023\/06\/1.png\" class=\"attachment-thumbnail size-thumbnail wp-image-467\" alt=\"\" srcset=\"https:\/\/www.hdmotorsport.ro\/wp-content\/uploads\/2023\/06\/1.png 144w, https:\/\/www.hdmotorsport.ro\/wp-content\/uploads\/2023\/06\/elementor\/thumbs\/1-q8doa0evkyz7ttxvw9wltqod4tqey7shse9g6a957m.png 100w\" sizes=\"auto, (max-width: 144px) 100vw, 144px\" \/><\/figure><div class=\"elementor-image-box-content\"><p class=\"elementor-image-box-description\">Organizatorul consider\u0103 locurile marcate cu band\u0103 ALB-ROSU ca fiind periculoase sau extrem de periculoase, iar din acest considerent v\u0103 rug\u0103m s\u0103 nu v\u0103 a\u015feza\u0163i acolo, pentru a nu v\u0103 expune inutil pericolelor.<\/p><\/div><\/div>\t\t<\/div>\n\t\t\t\t<\/div>\n\t\t\t\t\t<\/div>\n\t\t<\/div>\n\t\t\t\t\t\t\t<\/div>\n\t\t<\/section>\n\t\t\t\t<div class=\"elementor-element elementor-element-8d06235 elementor-widget elementor-widget-heading\" data-id=\"8d06235\" data-element_type=\"widget\" data-widget_type=\"heading.default\">\n\t\t\t\t<div class=\"elementor-widget-container\">\n\t\t\t<h5 class=\"elementor-heading-title elementor-size-default\">Dac\u0103 aceste lucruri nu sunt respectate, cursa poate fi oprit\u0103 \u00een orice moment \u015fi se va relua doar dup\u0103 solu\u0163ionarea \u201cproblemelor\u201d de pe traseu.<\/h5>\t\t<\/div>\n\t\t\t\t<\/div>\n\t\t\t\t\t<\/div>\n\t\t<\/div>\n\t\t\t\t\t\t\t<\/div>\n\t\t<\/section>\n\t\t\t\t<section class=\"elementor-section elementor-top-section elementor-element elementor-element-1ff727f2 elementor-section-content-middle elementor-section-boxed elementor-section-height-default elementor-section-height-default\" data-id=\"1ff727f2\" data-element_type=\"section\">\n\t\t\t\t\t\t<div class=\"elementor-container elementor-column-gap-no\">\n\t\t\t\t\t<div class=\"elementor-column elementor-col-100 elementor-top-column elementor-element elementor-element-7af0f808\" data-id=\"7af0f808\" data-element_type=\"column\">\n\t\t\t<div class=\"elementor-widget-wrap elementor-element-populated\">\n\t\t\t\t\t\t\t\t<div class=\"elementor-element elementor-element-36c2ebe elementor-widget elementor-widget-image\" data-id=\"36c2ebe\" data-element_type=\"widget\" data-widget_type=\"image.default\">\n\t\t\t\t<div class=\"elementor-widget-container\">\n\t\t\t<style>\/*! elementor - v3.16.0 - 09-10-2023 *\/\n.elementor-widget-image{text-align:center}.elementor-widget-image a{display:inline-block}.elementor-widget-image a img[src$=\".svg\"]{width:48px}.elementor-widget-image img{vertical-align:middle;display:inline-block}<\/style>\t\t\t\t\t\t\t\t\t\t\t\t<img loading=\"lazy\" decoding=\"async\" width=\"1024\" height=\"707\" src=\"https:\/\/www.hdmotorsport.ro\/wp-content\/uploads\/2025\/04\/9d854cf1-4d08-49e4-bdd0-783df6130999-1-1024x707.jpeg\" class=\"attachment-large size-large wp-image-1558\" alt=\"\" srcset=\"https:\/\/www.hdmotorsport.ro\/wp-content\/uploads\/2025\/04\/9d854cf1-4d08-49e4-bdd0-783df6130999-1-1024x707.jpeg 1024w, https:\/\/www.hdmotorsport.ro\/wp-content\/uploads\/2025\/04\/9d854cf1-4d08-49e4-bdd0-783df6130999-1-300x207.jpeg 300w, https:\/\/www.hdmotorsport.ro\/wp-content\/uploads\/2025\/04\/9d854cf1-4d08-49e4-bdd0-783df6130999-1-768x530.jpeg 768w, https:\/\/www.hdmotorsport.ro\/wp-content\/uploads\/2025\/04\/9d854cf1-4d08-49e4-bdd0-783df6130999-1-1536x1061.jpeg 1536w, https:\/\/www.hdmotorsport.ro\/wp-content\/uploads\/2025\/04\/9d854cf1-4d08-49e4-bdd0-783df6130999-1-600x414.jpeg 600w, https:\/\/www.hdmotorsport.ro\/wp-content\/uploads\/2025\/04\/9d854cf1-4d08-49e4-bdd0-783df6130999-1-1200x829.jpeg 1200w, https:\/\/www.hdmotorsport.ro\/wp-content\/uploads\/2025\/04\/9d854cf1-4d08-49e4-bdd0-783df6130999-1.jpeg 1600w\" sizes=\"auto, (max-width: 1024px) 100vw, 1024px\" \/>\t\t\t\t\t\t\t\t\t\t\t\t\t\t\t<\/div>\n\t\t\t\t<\/div>\n\t\t\t\t\t<\/div>\n\t\t<\/div>\n\t\t\t\t\t\t\t<\/div>\n\t\t<\/section>\n\t\t\t\t<section class=\"elementor-section elementor-top-section elementor-element elementor-element-be13a9c elementor-section-boxed elementor-section-height-default elementor-section-height-default\" data-id=\"be13a9c\" data-element_type=\"section\">\n\t\t\t\t\t\t<div class=\"elementor-container elementor-column-gap-default\">\n\t\t\t\t\t<div class=\"elementor-column elementor-col-100 elementor-top-column elementor-element elementor-element-53923c0\" data-id=\"53923c0\" data-element_type=\"column\">\n\t\t\t<div class=\"elementor-widget-wrap elementor-element-populated\">\n\t\t\t\t\t\t\t\t<div class=\"elementor-element elementor-element-6cb3337 elementor-widget elementor-widget-heading\" data-id=\"6cb3337\" data-element_type=\"widget\" data-widget_type=\"heading.default\">\n\t\t\t\t<div class=\"elementor-widget-container\">\n\t\t\t<h2 class=\"elementor-heading-title elementor-size-default\">V\u0103 dorim s\u0103 v\u0103 bucura\u0163i al\u0103turi de noi de o zi frumoas\u0103 \u015fi f\u0103r\u0103 evenimente nepl\u0103cute!<\/h2>\t\t<\/div>\n\t\t\t\t<\/div>\n\t\t\t\t<div class=\"elementor-element elementor-element-9508301 elementor-widget elementor-widget-spacer\" data-id=\"9508301\" data-element_type=\"widget\" data-widget_type=\"spacer.default\">\n\t\t\t\t<div class=\"elementor-widget-container\">\n\t\t\t<style>\/*! elementor - v3.16.0 - 09-10-2023 *\/\n.elementor-column .elementor-spacer-inner{height:var(--spacer-size)}.e-con{--container-widget-width:100%}.e-con-inner>.elementor-widget-spacer,.e-con>.elementor-widget-spacer{width:var(--container-widget-width,var(--spacer-size));--align-self:var(--container-widget-align-self,initial);--flex-shrink:0}.e-con-inner>.elementor-widget-spacer>.elementor-widget-container,.e-con>.elementor-widget-spacer>.elementor-widget-container{height:100%;width:100%}.e-con-inner>.elementor-widget-spacer>.elementor-widget-container>.elementor-spacer,.e-con>.elementor-widget-spacer>.elementor-widget-container>.elementor-spacer{height:100%}.e-con-inner>.elementor-widget-spacer>.elementor-widget-container>.elementor-spacer>.elementor-spacer-inner,.e-con>.elementor-widget-spacer>.elementor-widget-container>.elementor-spacer>.elementor-spacer-inner{height:var(--container-widget-height,var(--spacer-size))}.e-con-inner>.elementor-widget-spacer.elementor-widget-empty,.e-con>.elementor-widget-spacer.elementor-widget-empty{position:relative;min-height:22px;min-width:22px}.e-con-inner>.elementor-widget-spacer.elementor-widget-empty .elementor-widget-empty-icon,.e-con>.elementor-widget-spacer.elementor-widget-empty .elementor-widget-empty-icon{position:absolute;top:0;bottom:0;left:0;right:0;margin:auto;padding:0;width:22px;height:22px}<\/style>\t\t<div class=\"elementor-spacer\">\n\t\t\t<div class=\"elementor-spacer-inner\"><\/div>\n\t\t<\/div>\n\t\t\t\t<\/div>\n\t\t\t\t<\/div>\n\t\t\t\t\t<\/div>\n\t\t<\/div>\n\t\t\t\t\t\t\t<\/div>\n\t\t<\/section>\n\t\t\t\t\t\t\t<\/div>\n\t\t","protected":false},"excerpt":{"rendered":"<p>Reguli de siguran\u0163\u0103 Motorsportul poate deveni deosebit de periculos dac\u0103 nu se respect\u0103 indica\u0163iile \u015fi regulile ce se impun!!! Trebuie respectate \u00eendrum\u0103rile date de c\u0103tre arbitrii \u015fi oamenii de ordine [&hellip;]<\/p>\n","protected":false},"author":1,"featured_media":0,"parent":0,"menu_order":0,"comment_status":"closed","ping_status":"closed","template":"no-title","meta":{"_EventAllDay":false,"_EventTimezone":"","_EventStartDate":"","_EventEndDate":"","_EventStartDateUTC":"","_EventEndDateUTC":"","_EventShowMap":false,"_EventShowMapLink":false,"_EventURL":"","_EventCost":"","_EventCostDescription":"","_EventCurrencySymbol":"","_EventCurrencyCode":"","_EventCurrencyPosition":"","_EventDateTimeSeparator":"","_EventTimeRangeSeparator":"","_EventOrganizerID":[],"_EventVenueID":[],"_OrganizerEmail":"","_OrganizerPhone":"","_OrganizerWebsite":"","_VenueAddress":"","_VenueCity":"","_VenueCountry":"","_VenueProvince":"","_VenueState":"","_VenueZip":"","_VenuePhone":"","_VenueURL":"","_VenueStateProvince":"","_VenueLat":"","_VenueLng":"","_VenueShowMap":false,"_VenueShowMapLink":false,"footnotes":""},"class_list":["post-457","page","type-page","status-publish","hentry"],"featured_media_urls":[],"_links":{"self":[{"href":"https:\/\/www.hdmotorsport.ro\/index.php?rest_route=\/wp\/v2\/pages\/457","targetHints":{"allow":["GET"]}}],"collection":[{"href":"https:\/\/www.hdmotorsport.ro\/index.php?rest_route=\/wp\/v2\/pages"}],"about":[{"href":"https:\/\/www.hdmotorsport.ro\/index.php?rest_route=\/wp\/v2\/types\/page"}],"author":[{"embeddable":true,"href":"https:\/\/www.hdmotorsport.ro\/index.php?rest_route=\/wp\/v2\/users\/1"}],"replies":[{"embeddable":true,"href":"https:\/\/www.hdmotorsport.ro\/index.php?rest_route=%2Fwp%2Fv2%2Fcomments&post=457"}],"version-history":[{"count":76,"href":"https:\/\/www.hdmotorsport.ro\/index.php?rest_route=\/wp\/v2\/pages\/457\/revisions"}],"predecessor-version":[{"id":1571,"href":"https:\/\/www.hdmotorsport.ro\/index.php?rest_route=\/wp\/v2\/pages\/457\/revisions\/1571"}],"wp:attachment":[{"href":"https:\/\/www.hdmotorsport.ro\/index.php?rest_route=%2Fwp%2Fv2%2Fmedia&parent=457"}],"curies":[{"name":"wp","href":"https:\/\/api.w.org\/{rel}","templated":true}]}}