{"id":1201,"date":"2024-08-02T05:59:32","date_gmt":"2024-08-02T05:59:32","guid":{"rendered":"https:\/\/www.hdmotorsport.ro\/?page_id=1201"},"modified":"2024-09-10T11:35:55","modified_gmt":"2024-09-10T11:35:55","slug":"cupa-caprioara-editia-iii","status":"publish","type":"page","link":"https:\/\/www.hdmotorsport.ro\/?page_id=1201","title":{"rendered":"Cupa Caprioara edi\u021bia III"},"content":{"rendered":"\t\t<div data-elementor-type=\"wp-page\" data-elementor-id=\"1201\" class=\"elementor elementor-1201\">\n\t\t\t\t\t\t\t\t\t<section class=\"elementor-section elementor-top-section elementor-element elementor-element-2739cdf2 elementor-section-content-middle elementor-section-boxed elementor-section-height-default elementor-section-height-default\" data-id=\"2739cdf2\" data-element_type=\"section\">\n\t\t\t\t\t\t<div class=\"elementor-container elementor-column-gap-default\">\n\t\t\t\t\t<div class=\"elementor-column elementor-col-100 elementor-top-column elementor-element elementor-element-128dd3c5\" data-id=\"128dd3c5\" data-element_type=\"column\">\n\t\t\t<div class=\"elementor-widget-wrap elementor-element-populated\">\n\t\t\t\t\t\t\t\t<div class=\"elementor-element elementor-element-24f30956 elementor-widget elementor-widget-image\" data-id=\"24f30956\" data-element_type=\"widget\" data-widget_type=\"image.default\">\n\t\t\t\t<div class=\"elementor-widget-container\">\n\t\t\t<style>\/*! elementor - v3.16.0 - 09-10-2023 *\/\n.elementor-widget-image{text-align:center}.elementor-widget-image a{display:inline-block}.elementor-widget-image a img[src$=\".svg\"]{width:48px}.elementor-widget-image img{vertical-align:middle;display:inline-block}<\/style>\t\t\t\t\t\t\t\t\t\t\t\t<img decoding=\"async\" src=\"https:\/\/www.hdmotorsport.ro\/wp-content\/uploads\/2024\/02\/391605784_207137685730879_2329998469087045969_n.jpg\" title=\"391605784_207137685730879_2329998469087045969_n\" alt=\"391605784_207137685730879_2329998469087045969_n\" loading=\"lazy\" \/>\t\t\t\t\t\t\t\t\t\t\t\t\t\t\t<\/div>\n\t\t\t\t<\/div>\n\t\t\t\t<div class=\"elementor-element elementor-element-623587dc elementor-widget elementor-widget-heading\" data-id=\"623587dc\" data-element_type=\"widget\" data-widget_type=\"heading.default\">\n\t\t\t\t<div class=\"elementor-widget-container\">\n\t\t\t<style>\/*! elementor - v3.16.0 - 09-10-2023 *\/\n.elementor-heading-title{padding:0;margin:0;line-height:1}.elementor-widget-heading .elementor-heading-title[class*=elementor-size-]>a{color:inherit;font-size:inherit;line-height:inherit}.elementor-widget-heading .elementor-heading-title.elementor-size-small{font-size:15px}.elementor-widget-heading .elementor-heading-title.elementor-size-medium{font-size:19px}.elementor-widget-heading .elementor-heading-title.elementor-size-large{font-size:29px}.elementor-widget-heading .elementor-heading-title.elementor-size-xl{font-size:39px}.elementor-widget-heading .elementor-heading-title.elementor-size-xxl{font-size:59px}<\/style><h3 class=\"elementor-heading-title elementor-size-default\">CUPA C\u0102PRIOARA<\/h3>\t\t<\/div>\n\t\t\t\t<\/div>\n\t\t\t\t<div class=\"elementor-element elementor-element-60905999 elementor-widget elementor-widget-text-editor\" data-id=\"60905999\" data-element_type=\"widget\" data-widget_type=\"text-editor.default\">\n\t\t\t\t<div class=\"elementor-widget-container\">\n\t\t\t<style>\/*! elementor - v3.16.0 - 09-10-2023 *\/\n.elementor-widget-text-editor.elementor-drop-cap-view-stacked .elementor-drop-cap{background-color:#69727d;color:#fff}.elementor-widget-text-editor.elementor-drop-cap-view-framed .elementor-drop-cap{color:#69727d;border:3px solid;background-color:transparent}.elementor-widget-text-editor:not(.elementor-drop-cap-view-default) .elementor-drop-cap{margin-top:8px}.elementor-widget-text-editor:not(.elementor-drop-cap-view-default) .elementor-drop-cap-letter{width:1em;height:1em}.elementor-widget-text-editor .elementor-drop-cap{float:left;text-align:center;line-height:1;font-size:50px}.elementor-widget-text-editor .elementor-drop-cap-letter{display:inline-block}<\/style>\t\t\t\t<p>CURS\u0102 DE VITEZ\u0102 \u00ceN COAST\u0102 \/ DEVA<\/p>\t\t\t\t\t\t<\/div>\n\t\t\t\t<\/div>\n\t\t\t\t<section class=\"elementor-section elementor-inner-section elementor-element elementor-element-434e6d89 elementor-section-boxed elementor-section-height-default elementor-section-height-default\" data-id=\"434e6d89\" data-element_type=\"section\">\n\t\t\t\t\t\t<div class=\"elementor-container elementor-column-gap-default\">\n\t\t\t\t\t<div class=\"elementor-column elementor-col-100 elementor-inner-column elementor-element elementor-element-6433b0e7\" data-id=\"6433b0e7\" data-element_type=\"column\">\n\t\t\t<div class=\"elementor-widget-wrap elementor-element-populated\">\n\t\t\t\t\t\t\t\t<div class=\"elementor-element elementor-element-1af1b60d elementor-widget elementor-widget-text-editor\" data-id=\"1af1b60d\" data-element_type=\"widget\" data-widget_type=\"text-editor.default\">\n\t\t\t\t<div class=\"elementor-widget-container\">\n\t\t\t\t\t\t\t<p>\u00a0 Cupa C\u0103prioara 2023 a luat na\u0219tere din dorin\u021ba de a continua tradi\u021bia sportului cu motor \u00een Deva. Participan\u021bii pasiona\u021bi de automobilism au oportunitatea s\u0103 i\u0219i descopere talentul \u0219i aptitudinile \u00een arta pilotajului \u00eentr-un cadru organizat de selec\u021bie \u0219i competi\u021bie \u0219i nu pe drumurile publice. Traseul ales a fost utilizat \u00een trecut ca prob\u0103 special\u0103 \u00een Raliul Hunedoarei, find una foarte selectiv\u0103.<\/p>\t\t\t\t\t\t<\/div>\n\t\t\t\t<\/div>\n\t\t\t\t\t<\/div>\n\t\t<\/div>\n\t\t\t\t\t\t\t<\/div>\n\t\t<\/section>\n\t\t\t\t\t<\/div>\n\t\t<\/div>\n\t\t\t\t\t\t\t<\/div>\n\t\t<\/section>\n\t\t\t\t<section class=\"elementor-section elementor-top-section elementor-element elementor-element-5890650e elementor-section-content-middle elementor-section-boxed elementor-section-height-default elementor-section-height-default\" data-id=\"5890650e\" data-element_type=\"section\">\n\t\t\t\t\t\t<div class=\"elementor-container elementor-column-gap-no\">\n\t\t\t\t\t<div class=\"elementor-column elementor-col-100 elementor-top-column elementor-element elementor-element-530933d6\" data-id=\"530933d6\" data-element_type=\"column\">\n\t\t\t<div class=\"elementor-widget-wrap elementor-element-populated\">\n\t\t\t\t\t\t\t\t<div class=\"elementor-element elementor-element-7b88aa7d elementor-widget elementor-widget-heading\" data-id=\"7b88aa7d\" data-element_type=\"widget\" data-widget_type=\"heading.default\">\n\t\t\t\t<div class=\"elementor-widget-container\">\n\t\t\t<h4 class=\"elementor-heading-title elementor-size-default\">Clasament Cupa C\u0103prioara III<\/h4>\t\t<\/div>\n\t\t\t\t<\/div>\n\t\t\t\t<section class=\"elementor-section elementor-inner-section elementor-element elementor-element-69ae9386 elementor-section-content-middle elementor-section-boxed elementor-section-height-default elementor-section-height-default\" data-id=\"69ae9386\" data-element_type=\"section\">\n\t\t\t\t\t\t<div class=\"elementor-container elementor-column-gap-no\">\n\t\t\t\t\t<div class=\"elementor-column elementor-col-100 elementor-inner-column elementor-element elementor-element-319dde36\" data-id=\"319dde36\" data-element_type=\"column\" data-settings=\"{&quot;background_background&quot;:&quot;classic&quot;}\">\n\t\t\t<div class=\"elementor-widget-wrap elementor-element-populated\">\n\t\t\t\t\t\t\t\t<div class=\"elementor-element elementor-element-446c016e elementor-position-top elementor-widget elementor-widget-image-box\" data-id=\"446c016e\" data-element_type=\"widget\" data-widget_type=\"image-box.default\">\n\t\t\t\t<div class=\"elementor-widget-container\">\n\t\t\t<style>\/*! elementor - v3.16.0 - 09-10-2023 *\/\n.elementor-widget-image-box .elementor-image-box-content{width:100%}@media (min-width:768px){.elementor-widget-image-box.elementor-position-left .elementor-image-box-wrapper,.elementor-widget-image-box.elementor-position-right .elementor-image-box-wrapper{display:flex}.elementor-widget-image-box.elementor-position-right .elementor-image-box-wrapper{text-align:right;flex-direction:row-reverse}.elementor-widget-image-box.elementor-position-left .elementor-image-box-wrapper{text-align:left;flex-direction:row}.elementor-widget-image-box.elementor-position-top .elementor-image-box-img{margin:auto}.elementor-widget-image-box.elementor-vertical-align-top .elementor-image-box-wrapper{align-items:flex-start}.elementor-widget-image-box.elementor-vertical-align-middle .elementor-image-box-wrapper{align-items:center}.elementor-widget-image-box.elementor-vertical-align-bottom .elementor-image-box-wrapper{align-items:flex-end}}@media (max-width:767px){.elementor-widget-image-box .elementor-image-box-img{margin-left:auto!important;margin-right:auto!important;margin-bottom:15px}}.elementor-widget-image-box .elementor-image-box-img{display:inline-block}.elementor-widget-image-box .elementor-image-box-title a{color:inherit}.elementor-widget-image-box .elementor-image-box-wrapper{text-align:center}.elementor-widget-image-box .elementor-image-box-description{margin:0}<\/style><div class=\"elementor-image-box-wrapper\"><figure class=\"elementor-image-box-img\"><img loading=\"lazy\" decoding=\"async\" width=\"256\" height=\"256\" src=\"https:\/\/www.hdmotorsport.ro\/wp-content\/uploads\/2023\/10\/certificate.png\" class=\"elementor-animation-grow attachment-full size-full wp-image-622\" alt=\"\" srcset=\"https:\/\/www.hdmotorsport.ro\/wp-content\/uploads\/2023\/10\/certificate.png 256w, https:\/\/www.hdmotorsport.ro\/wp-content\/uploads\/2023\/10\/certificate-150x150.png 150w\" sizes=\"auto, (max-width: 256px) 100vw, 256px\" \/><\/figure><\/div>\t\t<\/div>\n\t\t\t\t<\/div>\n\t\t\t\t<div class=\"elementor-element elementor-element-7868a570 elementor-align-center elementor-widget elementor-widget-button\" data-id=\"7868a570\" data-element_type=\"widget\" data-widget_type=\"button.default\">\n\t\t\t\t<div class=\"elementor-widget-container\">\n\t\t\t\t\t<div class=\"elementor-button-wrapper\">\n\t\t\t<a class=\"elementor-button elementor-button-link elementor-size-sm\" href=\"https:\/\/www.hdmotorsport.ro\/wp-content\/uploads\/2024\/03\/Puncte-Campionat-2024-AMATORI.pdf\" target=\"_blank\">\n\t\t\t\t\t\t<span class=\"elementor-button-content-wrapper\">\n\t\t\t\t\t\t<span class=\"elementor-button-text\">descarc\u0103 <\/span>\n\t\t<\/span>\n\t\t\t\t\t<\/a>\n\t\t<\/div>\n\t\t\t\t<\/div>\n\t\t\t\t<\/div>\n\t\t\t\t\t<\/div>\n\t\t<\/div>\n\t\t\t\t\t\t\t<\/div>\n\t\t<\/section>\n\t\t\t\t\t<\/div>\n\t\t<\/div>\n\t\t\t\t\t\t\t<\/div>\n\t\t<\/section>\n\t\t\t\t<section class=\"elementor-section elementor-top-section elementor-element elementor-element-11859d64 elementor-section-content-middle elementor-section-stretched elementor-section-boxed elementor-section-height-default elementor-section-height-default\" data-id=\"11859d64\" data-element_type=\"section\" data-settings=\"{&quot;stretch_section&quot;:&quot;section-stretched&quot;}\">\n\t\t\t\t\t\t<div class=\"elementor-container elementor-column-gap-no\">\n\t\t\t\t\t<div class=\"elementor-column elementor-col-100 elementor-top-column elementor-element elementor-element-41f7d71f\" data-id=\"41f7d71f\" data-element_type=\"column\">\n\t\t\t<div class=\"elementor-widget-wrap elementor-element-populated\">\n\t\t\t\t\t\t\t\t<div class=\"elementor-element elementor-element-72a3005d elementor-widget elementor-widget-menu-anchor\" data-id=\"72a3005d\" data-element_type=\"widget\" data-widget_type=\"menu-anchor.default\">\n\t\t\t\t<div class=\"elementor-widget-container\">\n\t\t\t<style>\/*! elementor - v3.16.0 - 09-10-2023 *\/\nbody.elementor-page .elementor-widget-menu-anchor{margin-bottom:0}<\/style>\t\t<div id=\"PARTENERI\" class=\"elementor-menu-anchor\"><\/div>\n\t\t\t\t<\/div>\n\t\t\t\t<\/div>\n\t\t\t\t<div class=\"elementor-element elementor-element-3ac3017c elementor-widget elementor-widget-heading\" data-id=\"3ac3017c\" data-element_type=\"widget\" data-widget_type=\"heading.default\">\n\t\t\t\t<div class=\"elementor-widget-container\">\n\t\t\t<h4 class=\"elementor-heading-title elementor-size-default\">PARTENERI<\/h4>\t\t<\/div>\n\t\t\t\t<\/div>\n\t\t\t\t<section class=\"elementor-section elementor-inner-section elementor-element elementor-element-5a21f2e0 elementor-section-content-middle elementor-section-boxed elementor-section-height-default elementor-section-height-default\" data-id=\"5a21f2e0\" data-element_type=\"section\">\n\t\t\t\t\t\t<div class=\"elementor-container elementor-column-gap-no\">\n\t\t\t\t\t<div class=\"elementor-column elementor-col-33 elementor-inner-column elementor-element elementor-element-9a3a99\" data-id=\"9a3a99\" data-element_type=\"column\">\n\t\t\t<div class=\"elementor-widget-wrap elementor-element-populated\">\n\t\t\t\t\t\t\t\t<div class=\"elementor-element elementor-element-665d0cb3 elementor-widget elementor-widget-image\" data-id=\"665d0cb3\" data-element_type=\"widget\" data-widget_type=\"image.default\">\n\t\t\t\t<div class=\"elementor-widget-container\">\n\t\t\t\t\t\t\t\t\t\t\t\t\t\t\t<img loading=\"lazy\" decoding=\"async\" width=\"1000\" height=\"359\" src=\"https:\/\/www.hdmotorsport.ro\/wp-content\/uploads\/2023\/06\/CORAMEX.png\" class=\"attachment-large size-large wp-image-234\" alt=\"\" srcset=\"https:\/\/www.hdmotorsport.ro\/wp-content\/uploads\/2023\/06\/CORAMEX.png 1000w, https:\/\/www.hdmotorsport.ro\/wp-content\/uploads\/2023\/06\/CORAMEX-300x108.png 300w, https:\/\/www.hdmotorsport.ro\/wp-content\/uploads\/2023\/06\/CORAMEX-768x276.png 768w, https:\/\/www.hdmotorsport.ro\/wp-content\/uploads\/2023\/06\/CORAMEX-600x215.png 600w\" sizes=\"auto, (max-width: 1000px) 100vw, 1000px\" \/>\t\t\t\t\t\t\t\t\t\t\t\t\t\t\t<\/div>\n\t\t\t\t<\/div>\n\t\t\t\t\t<\/div>\n\t\t<\/div>\n\t\t\t\t<div class=\"elementor-column elementor-col-33 elementor-inner-column elementor-element elementor-element-123df078\" data-id=\"123df078\" data-element_type=\"column\">\n\t\t\t<div class=\"elementor-widget-wrap elementor-element-populated\">\n\t\t\t\t\t\t\t\t<div class=\"elementor-element elementor-element-60b33b3d elementor-widget elementor-widget-image\" data-id=\"60b33b3d\" data-element_type=\"widget\" data-widget_type=\"image.default\">\n\t\t\t\t<div class=\"elementor-widget-container\">\n\t\t\t\t\t\t\t\t\t\t\t\t\t\t\t<img loading=\"lazy\" decoding=\"async\" width=\"544\" height=\"543\" src=\"https:\/\/www.hdmotorsport.ro\/wp-content\/uploads\/2023\/06\/VIDI.png\" class=\"attachment-full size-full wp-image-218\" alt=\"\" srcset=\"https:\/\/www.hdmotorsport.ro\/wp-content\/uploads\/2023\/06\/VIDI.png 544w, https:\/\/www.hdmotorsport.ro\/wp-content\/uploads\/2023\/06\/VIDI-300x300.png 300w, https:\/\/www.hdmotorsport.ro\/wp-content\/uploads\/2023\/06\/VIDI-150x150.png 150w\" sizes=\"auto, (max-width: 544px) 100vw, 544px\" \/>\t\t\t\t\t\t\t\t\t\t\t\t\t\t\t<\/div>\n\t\t\t\t<\/div>\n\t\t\t\t\t<\/div>\n\t\t<\/div>\n\t\t\t\t<div class=\"elementor-column elementor-col-33 elementor-inner-column elementor-element elementor-element-1fcf8c5\" data-id=\"1fcf8c5\" data-element_type=\"column\">\n\t\t\t<div class=\"elementor-widget-wrap elementor-element-populated\">\n\t\t\t\t\t\t\t\t<div class=\"elementor-element elementor-element-6ef2c2f7 elementor-widget elementor-widget-image\" data-id=\"6ef2c2f7\" data-element_type=\"widget\" data-widget_type=\"image.default\">\n\t\t\t\t<div class=\"elementor-widget-container\">\n\t\t\t\t\t\t\t\t\t\t\t\t\t\t\t<img loading=\"lazy\" decoding=\"async\" width=\"540\" height=\"146\" src=\"https:\/\/www.hdmotorsport.ro\/wp-content\/uploads\/2023\/06\/best-phone.png\" class=\"attachment-large size-large wp-image-216\" alt=\"\" srcset=\"https:\/\/www.hdmotorsport.ro\/wp-content\/uploads\/2023\/06\/best-phone.png 540w, https:\/\/www.hdmotorsport.ro\/wp-content\/uploads\/2023\/06\/best-phone-300x81.png 300w\" sizes=\"auto, (max-width: 540px) 100vw, 540px\" \/>\t\t\t\t\t\t\t\t\t\t\t\t\t\t\t<\/div>\n\t\t\t\t<\/div>\n\t\t\t\t\t<\/div>\n\t\t<\/div>\n\t\t\t\t\t\t\t<\/div>\n\t\t<\/section>\n\t\t\t\t<section class=\"elementor-section elementor-inner-section elementor-element elementor-element-698c32fd elementor-section-content-middle elementor-section-boxed elementor-section-height-default elementor-section-height-default\" data-id=\"698c32fd\" data-element_type=\"section\">\n\t\t\t\t\t\t<div class=\"elementor-container elementor-column-gap-no\">\n\t\t\t\t\t<div class=\"elementor-column elementor-col-33 elementor-inner-column elementor-element elementor-element-49ae17df\" data-id=\"49ae17df\" data-element_type=\"column\">\n\t\t\t<div class=\"elementor-widget-wrap elementor-element-populated\">\n\t\t\t\t\t\t\t\t<div class=\"elementor-element elementor-element-607509ac elementor-widget elementor-widget-image\" data-id=\"607509ac\" data-element_type=\"widget\" data-widget_type=\"image.default\">\n\t\t\t\t<div class=\"elementor-widget-container\">\n\t\t\t\t\t\t\t\t\t\t\t\t\t\t\t<img loading=\"lazy\" decoding=\"async\" width=\"1024\" height=\"469\" src=\"https:\/\/www.hdmotorsport.ro\/wp-content\/uploads\/2024\/02\/logo-inspo-1024x469.png\" class=\"attachment-large size-large wp-image-914\" alt=\"\" srcset=\"https:\/\/www.hdmotorsport.ro\/wp-content\/uploads\/2024\/02\/logo-inspo-1024x469.png 1024w, https:\/\/www.hdmotorsport.ro\/wp-content\/uploads\/2024\/02\/logo-inspo-300x137.png 300w, https:\/\/www.hdmotorsport.ro\/wp-content\/uploads\/2024\/02\/logo-inspo-768x351.png 768w, https:\/\/www.hdmotorsport.ro\/wp-content\/uploads\/2024\/02\/logo-inspo-600x275.png 600w, https:\/\/www.hdmotorsport.ro\/wp-content\/uploads\/2024\/02\/logo-inspo-1200x549.png 1200w, https:\/\/www.hdmotorsport.ro\/wp-content\/uploads\/2024\/02\/logo-inspo.png 1488w\" sizes=\"auto, (max-width: 1024px) 100vw, 1024px\" \/>\t\t\t\t\t\t\t\t\t\t\t\t\t\t\t<\/div>\n\t\t\t\t<\/div>\n\t\t\t\t\t<\/div>\n\t\t<\/div>\n\t\t\t\t<div class=\"elementor-column elementor-col-33 elementor-inner-column elementor-element elementor-element-2b9feb19\" data-id=\"2b9feb19\" data-element_type=\"column\">\n\t\t\t<div class=\"elementor-widget-wrap elementor-element-populated\">\n\t\t\t\t\t\t\t\t<div class=\"elementor-element elementor-element-64c3a297 elementor-widget elementor-widget-image\" data-id=\"64c3a297\" data-element_type=\"widget\" data-widget_type=\"image.default\">\n\t\t\t\t<div class=\"elementor-widget-container\">\n\t\t\t\t\t\t\t\t\t\t\t\t\t\t\t<img loading=\"lazy\" decoding=\"async\" width=\"669\" height=\"268\" src=\"https:\/\/www.hdmotorsport.ro\/wp-content\/uploads\/2023\/06\/logo_autosally.png\" class=\"attachment-large size-large wp-image-217\" alt=\"\" srcset=\"https:\/\/www.hdmotorsport.ro\/wp-content\/uploads\/2023\/06\/logo_autosally.png 669w, https:\/\/www.hdmotorsport.ro\/wp-content\/uploads\/2023\/06\/logo_autosally-300x120.png 300w, https:\/\/www.hdmotorsport.ro\/wp-content\/uploads\/2023\/06\/logo_autosally-600x240.png 600w\" sizes=\"auto, (max-width: 669px) 100vw, 669px\" \/>\t\t\t\t\t\t\t\t\t\t\t\t\t\t\t<\/div>\n\t\t\t\t<\/div>\n\t\t\t\t\t<\/div>\n\t\t<\/div>\n\t\t\t\t<div class=\"elementor-column elementor-col-33 elementor-inner-column elementor-element elementor-element-205ed899\" data-id=\"205ed899\" data-element_type=\"column\">\n\t\t\t<div class=\"elementor-widget-wrap elementor-element-populated\">\n\t\t\t\t\t\t\t\t<div class=\"elementor-element elementor-element-5d5162fd elementor-widget elementor-widget-image\" data-id=\"5d5162fd\" data-element_type=\"widget\" data-widget_type=\"image.default\">\n\t\t\t\t<div class=\"elementor-widget-container\">\n\t\t\t\t\t\t\t\t\t\t\t\t\t\t\t<img loading=\"lazy\" decoding=\"async\" width=\"800\" height=\"271\" src=\"https:\/\/www.hdmotorsport.ro\/wp-content\/uploads\/2024\/05\/WhatsApp-Image-2024-05-23-at-16.21.39_f9c54d27-1.png\" class=\"attachment-large size-large wp-image-1187\" alt=\"\" srcset=\"https:\/\/www.hdmotorsport.ro\/wp-content\/uploads\/2024\/05\/WhatsApp-Image-2024-05-23-at-16.21.39_f9c54d27-1.png 800w, https:\/\/www.hdmotorsport.ro\/wp-content\/uploads\/2024\/05\/WhatsApp-Image-2024-05-23-at-16.21.39_f9c54d27-1-300x102.png 300w, https:\/\/www.hdmotorsport.ro\/wp-content\/uploads\/2024\/05\/WhatsApp-Image-2024-05-23-at-16.21.39_f9c54d27-1-768x260.png 768w\" sizes=\"auto, (max-width: 800px) 100vw, 800px\" \/>\t\t\t\t\t\t\t\t\t\t\t\t\t\t\t<\/div>\n\t\t\t\t<\/div>\n\t\t\t\t\t<\/div>\n\t\t<\/div>\n\t\t\t\t\t\t\t<\/div>\n\t\t<\/section>\n\t\t\t\t<section class=\"elementor-section elementor-inner-section elementor-element elementor-element-3b212a5d elementor-section-content-middle elementor-section-boxed elementor-section-height-default elementor-section-height-default\" data-id=\"3b212a5d\" data-element_type=\"section\">\n\t\t\t\t\t\t<div class=\"elementor-container elementor-column-gap-no\">\n\t\t\t\t\t<div class=\"elementor-column elementor-col-33 elementor-inner-column elementor-element elementor-element-7909f195\" data-id=\"7909f195\" data-element_type=\"column\">\n\t\t\t<div class=\"elementor-widget-wrap elementor-element-populated\">\n\t\t\t\t\t\t\t\t<div class=\"elementor-element elementor-element-5b6db4a4 elementor-widget elementor-widget-image\" data-id=\"5b6db4a4\" data-element_type=\"widget\" data-widget_type=\"image.default\">\n\t\t\t\t<div class=\"elementor-widget-container\">\n\t\t\t\t\t\t\t\t\t\t\t\t\t\t\t<img loading=\"lazy\" decoding=\"async\" width=\"1024\" height=\"913\" src=\"https:\/\/www.hdmotorsport.ro\/wp-content\/uploads\/2024\/05\/LOGO-KISS-CU-SLOGAN-fundal-alb-1024x913.png\" class=\"attachment-large size-large wp-image-1158\" alt=\"\" srcset=\"https:\/\/www.hdmotorsport.ro\/wp-content\/uploads\/2024\/05\/LOGO-KISS-CU-SLOGAN-fundal-alb-1024x913.png 1024w, https:\/\/www.hdmotorsport.ro\/wp-content\/uploads\/2024\/05\/LOGO-KISS-CU-SLOGAN-fundal-alb-300x267.png 300w, https:\/\/www.hdmotorsport.ro\/wp-content\/uploads\/2024\/05\/LOGO-KISS-CU-SLOGAN-fundal-alb-768x685.png 768w, https:\/\/www.hdmotorsport.ro\/wp-content\/uploads\/2024\/05\/LOGO-KISS-CU-SLOGAN-fundal-alb-1536x1369.png 1536w, https:\/\/www.hdmotorsport.ro\/wp-content\/uploads\/2024\/05\/LOGO-KISS-CU-SLOGAN-fundal-alb.png 1826w\" sizes=\"auto, (max-width: 1024px) 100vw, 1024px\" \/>\t\t\t\t\t\t\t\t\t\t\t\t\t\t\t<\/div>\n\t\t\t\t<\/div>\n\t\t\t\t\t<\/div>\n\t\t<\/div>\n\t\t\t\t<div class=\"elementor-column elementor-col-33 elementor-inner-column elementor-element elementor-element-6e8c77d2\" data-id=\"6e8c77d2\" data-element_type=\"column\">\n\t\t\t<div class=\"elementor-widget-wrap elementor-element-populated\">\n\t\t\t\t\t\t\t\t<div class=\"elementor-element elementor-element-465aa890 elementor-widget elementor-widget-image\" data-id=\"465aa890\" data-element_type=\"widget\" data-widget_type=\"image.default\">\n\t\t\t\t<div class=\"elementor-widget-container\">\n\t\t\t\t\t\t\t\t\t\t\t\t\t\t\t<img loading=\"lazy\" decoding=\"async\" width=\"879\" height=\"747\" src=\"https:\/\/www.hdmotorsport.ro\/wp-content\/uploads\/2024\/05\/png.png\" class=\"attachment-large size-large wp-image-1184\" alt=\"\" srcset=\"https:\/\/www.hdmotorsport.ro\/wp-content\/uploads\/2024\/05\/png.png 879w, https:\/\/www.hdmotorsport.ro\/wp-content\/uploads\/2024\/05\/png-300x255.png 300w, https:\/\/www.hdmotorsport.ro\/wp-content\/uploads\/2024\/05\/png-768x653.png 768w\" sizes=\"auto, (max-width: 879px) 100vw, 879px\" \/>\t\t\t\t\t\t\t\t\t\t\t\t\t\t\t<\/div>\n\t\t\t\t<\/div>\n\t\t\t\t\t<\/div>\n\t\t<\/div>\n\t\t\t\t<div class=\"elementor-column elementor-col-33 elementor-inner-column elementor-element elementor-element-7b06353c\" data-id=\"7b06353c\" data-element_type=\"column\">\n\t\t\t<div class=\"elementor-widget-wrap elementor-element-populated\">\n\t\t\t\t\t\t\t\t<div class=\"elementor-element elementor-element-1fdb7394 elementor-widget elementor-widget-image\" data-id=\"1fdb7394\" data-element_type=\"widget\" data-widget_type=\"image.default\">\n\t\t\t\t<div class=\"elementor-widget-container\">\n\t\t\t\t\t\t\t\t\t\t\t\t\t\t\t<img loading=\"lazy\" decoding=\"async\" width=\"1000\" height=\"1000\" src=\"https:\/\/www.hdmotorsport.ro\/wp-content\/uploads\/2024\/05\/WhatsApp-Image-2024-05-23-at-11.29.33_41384e21.png\" class=\"attachment-large size-large wp-image-1186\" alt=\"\" srcset=\"https:\/\/www.hdmotorsport.ro\/wp-content\/uploads\/2024\/05\/WhatsApp-Image-2024-05-23-at-11.29.33_41384e21.png 1000w, https:\/\/www.hdmotorsport.ro\/wp-content\/uploads\/2024\/05\/WhatsApp-Image-2024-05-23-at-11.29.33_41384e21-300x300.png 300w, https:\/\/www.hdmotorsport.ro\/wp-content\/uploads\/2024\/05\/WhatsApp-Image-2024-05-23-at-11.29.33_41384e21-150x150.png 150w, https:\/\/www.hdmotorsport.ro\/wp-content\/uploads\/2024\/05\/WhatsApp-Image-2024-05-23-at-11.29.33_41384e21-768x768.png 768w, https:\/\/www.hdmotorsport.ro\/wp-content\/uploads\/2024\/05\/WhatsApp-Image-2024-05-23-at-11.29.33_41384e21-650x650.png 650w\" sizes=\"auto, (max-width: 1000px) 100vw, 1000px\" \/>\t\t\t\t\t\t\t\t\t\t\t\t\t\t\t<\/div>\n\t\t\t\t<\/div>\n\t\t\t\t\t<\/div>\n\t\t<\/div>\n\t\t\t\t\t\t\t<\/div>\n\t\t<\/section>\n\t\t\t\t\t<\/div>\n\t\t<\/div>\n\t\t\t\t\t\t\t<\/div>\n\t\t<\/section>\n\t\t\t\t\t\t\t<\/div>\n\t\t","protected":false},"excerpt":{"rendered":"<p>CUPA C\u0102PRIOARA CURS\u0102 DE VITEZ\u0102 \u00ceN COAST\u0102 \/ DEVA \u00a0 Cupa C\u0103prioara 2023 a luat na\u0219tere din dorin\u021ba de a continua tradi\u021bia sportului cu motor \u00een Deva. Participan\u021bii pasiona\u021bi de [&hellip;]<\/p>\n","protected":false},"author":1,"featured_media":0,"parent":0,"menu_order":0,"comment_status":"closed","ping_status":"closed","template":"no-title","meta":{"_EventAllDay":false,"_EventTimezone":"","_EventStartDate":"","_EventEndDate":"","_EventStartDateUTC":"","_EventEndDateUTC":"","_EventShowMap":false,"_EventShowMapLink":false,"_EventURL":"","_EventCost":"","_EventCostDescription":"","_EventCurrencySymbol":"","_EventCurrencyCode":"","_EventCurrencyPosition":"","_EventDateTimeSeparator":"","_EventTimeRangeSeparator":"","_EventOrganizerID":[],"_EventVenueID":[],"_OrganizerEmail":"","_OrganizerPhone":"","_OrganizerWebsite":"","_VenueAddress":"","_VenueCity":"","_VenueCountry":"","_VenueProvince":"","_VenueState":"","_VenueZip":"","_VenuePhone":"","_VenueURL":"","_VenueStateProvince":"","_VenueLat":"","_VenueLng":"","_VenueShowMap":false,"_VenueShowMapLink":false,"footnotes":""},"class_list":["post-1201","page","type-page","status-publish","hentry"],"featured_media_urls":[],"_links":{"self":[{"href":"https:\/\/www.hdmotorsport.ro\/index.php?rest_route=\/wp\/v2\/pages\/1201","targetHints":{"allow":["GET"]}}],"collection":[{"href":"https:\/\/www.hdmotorsport.ro\/index.php?rest_route=\/wp\/v2\/pages"}],"about":[{"href":"https:\/\/www.hdmotorsport.ro\/index.php?rest_route=\/wp\/v2\/types\/page"}],"author":[{"embeddable":true,"href":"https:\/\/www.hdmotorsport.ro\/index.php?rest_route=\/wp\/v2\/users\/1"}],"replies":[{"embeddable":true,"href":"https:\/\/www.hdmotorsport.ro\/index.php?rest_route=%2Fwp%2Fv2%2Fcomments&post=1201"}],"version-history":[{"count":7,"href":"https:\/\/www.hdmotorsport.ro\/index.php?rest_route=\/wp\/v2\/pages\/1201\/revisions"}],"predecessor-version":[{"id":1349,"href":"https:\/\/www.hdmotorsport.ro\/index.php?rest_route=\/wp\/v2\/pages\/1201\/revisions\/1349"}],"wp:attachment":[{"href":"https:\/\/www.hdmotorsport.ro\/index.php?rest_route=%2Fwp%2Fv2%2Fmedia&parent=1201"}],"curies":[{"name":"wp","href":"https:\/\/api.w.org\/{rel}","templated":true}]}}